{"id":96,"date":"2024-06-17T00:26:53","date_gmt":"2024-06-16T22:26:53","guid":{"rendered":"https:\/\/tangovirri.pl\/?page_id=96"},"modified":"2026-02-21T16:23:16","modified_gmt":"2026-02-21T15:23:16","slug":"o-nas","status":"publish","type":"page","link":"https:\/\/tangovirri.pl\/?page_id=96","title":{"rendered":"O nas"},"content":{"rendered":"<h1 class=\"show\">Nasi nauczyciele<\/h1>\n<figure class=\"wp-image-105 text-center\"><img loading=\"lazy\" decoding=\"async\" src=\"https:\/\/tangovirri.pl\/wp-content\/uploads\/2024\/06\/Michal-200x300.jpg\" alt=\"\" width=\"300\" height=\"449\" \/><figcaption><span style=\"color: #000000;\">Micha\u0142 Gabriel<\/span><\/figcaption><\/figure>\n<p>Od ponad dziesi\u0119ciu lat ta\u0144cz\u0119 tango i prawie tak samo d\u0142ugo prowadz\u0119 szko\u0142\u0119 w Krakowie.<br \/>\nTango to dla mnie taniec, kt\u00f3ry z czasem jest tylko coraz bardziej wci\u0105gaj\u0105cy i pasjonuj\u0105cy.<br \/>\nDu\u017co podr\u00f3\u017cuj\u0119 by poznawa\u0107 tango w innych krajach, przede wszystkim wielokrotnie do Buenos Aires. Mia\u0142em i mam szcz\u0119\u015bcie uczy\u0107 si\u0119 u wspania\u0142ych argenty\u0144skich nauczycieli i przekazuj\u0119 dalej technik\u0119 i tradycj\u0119 tanga argenty\u0144skiego.<\/p>\n<figure class=\"wp-image-105 text-center\"><img loading=\"lazy\" decoding=\"async\" src=\"https:\/\/tangovirri.pl\/wp-content\/uploads\/2024\/11\/Kasia-i-Robert.jpg\" alt=\"\" width=\"300\" height=\"382\" \/><figcaption><span style=\"color: #000000;\">Katarzyna Celi\u0144ska- Adamczak i Robert Adamczak<\/span><\/figcaption><\/figure>\n<figure class=\"wp-image-105 text-center\"><img loading=\"lazy\" decoding=\"async\" class=\"wp-image-120 size-medium\" src=\"https:\/\/tangovirri.pl\/wp-content\/uploads\/2024\/06\/Marta-i-Maciek-1-300x278.jpg\" alt=\"\" width=\"300\" height=\"278\" srcset=\"https:\/\/tangovirri.pl\/wp-content\/uploads\/2024\/06\/Marta-i-Maciek-1-300x278.jpg 300w, https:\/\/tangovirri.pl\/wp-content\/uploads\/2024\/06\/Marta-i-Maciek-1-1024x950.jpg 1024w, https:\/\/tangovirri.pl\/wp-content\/uploads\/2024\/06\/Marta-i-Maciek-1-768x712.jpg 768w, https:\/\/tangovirri.pl\/wp-content\/uploads\/2024\/06\/Marta-i-Maciek-1.jpg 1365w\" sizes=\"auto, (max-width: 300px) 100vw, 300px\" \/><figcaption><span style=\"color: #000000;\">Marta Krok i Maciej Michalik<\/span><\/figcaption><\/figure>\n<p>Marta i Maciej pasjonuj\u0105 si\u0119 tangiem od 2008 roku. Razem ta\u0144cz\u0105, doskonal\u0105 swoje umiej\u0119tno\u015bci i przekazuj\u0105 wiedz\u0119 nast\u0119pnym milonguero w szkole TangoVirri. Tangowe podstawy zdobywali ucz\u0105c si\u0119 u Marcina Miszczaka, Katarzyny Celi\u0144skiej, Micha\u0142a Gabrysia, Katarzyny Chmielewskiej, Mateusza Kwaterko i wielu innych.<\/p>\n<p>Wysoko ceni\u0105 sobie prac\u0119 z nauczycielami tanga z Argentyny: Daniel\u0105 Pucci i Luisem Bianchi, Pablo Veronem, Eugeni\u0105 Eberhardt i Sebastianem Posadas, Alejandrem Araoz.<\/p>\n<p>W Buenos Aires mieli przyjemno\u015b\u0107 uczy\u0107 si\u0119 u Vanessy Fatauros i Damiana Rosenthala, Roxany Suarez i Sabestiana Achavala, Lucili Cionci i Joe Corbaty, Virgini Cutillo i Jose Halfona oraz Julio Balmacedy.<\/p>\n","protected":false},"excerpt":{"rendered":"<p>Nasi nauczyciele Micha\u0142 Gabriel Od ponad dziesi\u0119ciu lat ta\u0144cz\u0119 tango i prawie tak samo d\u0142ugo prowadz\u0119 szko\u0142\u0119 w Krakowie. Tango to dla mnie taniec, kt\u00f3ry z czasem jest tylko coraz bardziej wci\u0105gaj\u0105cy i pasjonuj\u0105cy. Du\u017co podr\u00f3\u017cuj\u0119 by poznawa\u0107 tango w innych krajach, przede wszystkim wielokrotnie do Buenos Aires. Mia\u0142em i mam szcz\u0119\u015bcie uczy\u0107 si\u0119 u &hellip; <\/p>\n<p class=\"link-more\"><a href=\"https:\/\/tangovirri.pl\/?page_id=96\" class=\"more-link\">Continue reading<span class=\"screen-reader-text\"> &#8220;O nas&#8221;<\/span><\/a><\/p>\n","protected":false},"author":1,"featured_media":0,"parent":0,"menu_order":0,"comment_status":"closed","ping_status":"closed","template":"","meta":{"footnotes":""},"class_list":["post-96","page","type-page","status-publish","hentry"],"_links":{"self":[{"href":"https:\/\/tangovirri.pl\/index.php?rest_route=\/wp\/v2\/pages\/96","targetHints":{"allow":["GET"]}}],"collection":[{"href":"https:\/\/tangovirri.pl\/index.php?rest_route=\/wp\/v2\/pages"}],"about":[{"href":"https:\/\/tangovirri.pl\/index.php?rest_route=\/wp\/v2\/types\/page"}],"author":[{"embeddable":true,"href":"https:\/\/tangovirri.pl\/index.php?rest_route=\/wp\/v2\/users\/1"}],"replies":[{"embeddable":true,"href":"https:\/\/tangovirri.pl\/index.php?rest_route=%2Fwp%2Fv2%2Fcomments&post=96"}],"version-history":[{"count":20,"href":"https:\/\/tangovirri.pl\/index.php?rest_route=\/wp\/v2\/pages\/96\/revisions"}],"predecessor-version":[{"id":544,"href":"https:\/\/tangovirri.pl\/index.php?rest_route=\/wp\/v2\/pages\/96\/revisions\/544"}],"wp:attachment":[{"href":"https:\/\/tangovirri.pl\/index.php?rest_route=%2Fwp%2Fv2%2Fmedia&parent=96"}],"curies":[{"name":"wp","href":"https:\/\/api.w.org\/{rel}","templated":true}]}}