{"id":11,"date":"2024-06-16T18:13:51","date_gmt":"2024-06-16T16:13:51","guid":{"rendered":"https:\/\/tangovirri.pl\/?page_id=11"},"modified":"2025-12-17T17:37:26","modified_gmt":"2025-12-17T16:37:26","slug":"kontakt","status":"publish","type":"page","link":"https:\/\/tangovirri.pl\/?page_id=11","title":{"rendered":"Kontakt"},"content":{"rendered":"<h1 class=\"show\">Kontakt<\/h1>\n\n\n<p><span style=\"font-size: revert;\"><\/span><\/p>\n\n\n\n<p><strong>TangoVirri<\/strong> &#8211; Szko\u0142a tanga argenty\u0144skiego w Krakowie<\/p>\n\n\n\n<p>adres: <span style=\"font-size: revert;\">Radziwi\u0142\u0142owska 15\/10, 31-026 Krak\u00f3w<\/span><\/p>\n\n\n\n<p>email: <a href=\"mailto:tangovirri@gmail.com\">tangovirri@gmail.com<\/a><\/p>\n\n\n\n<h2 class=\"wp-block-heading show\">Jeste\u015bmy tutaj<\/h2>\n\n\n\n<p><iframe loading=\"lazy\" style=\"border: 0;\" src=\"https:\/\/www.google.com\/maps\/embed?pb=!1m14!1m8!1m3!1d10245.01912310028!2d19.947138!3d50.06279!3m2!1i1024!2i768!4f13.1!3m3!1m2!1s0x47165b172b3a839b%3A0x2b1fad51b608180f!2zUmFkeml3acWCxYJvd3NrYSAxNSwgMzEtMDI2IEtyYWvDs3csIFBvbHNrYQ!5e0!3m2!1spl!2sus!4v1709989012290!5m2!1spl!2sus\" width=\"800\" height=\"450\" allowfullscreen=\"allowfullscreen\"><\/iframe><\/p>\n\n\n\n<p><\/p>\n","protected":false},"excerpt":{"rendered":"<p>Kontakt TangoVirri &#8211; Szko\u0142a tanga argenty\u0144skiego w Krakowie adres: Radziwi\u0142\u0142owska 15\/10, 31-026 Krak\u00f3w email: tangovirri@gmail.com Jeste\u015bmy tutaj<\/p>\n","protected":false},"author":1,"featured_media":0,"parent":0,"menu_order":0,"comment_status":"closed","ping_status":"closed","template":"","meta":{"footnotes":""},"class_list":["post-11","page","type-page","status-publish","hentry"],"_links":{"self":[{"href":"https:\/\/tangovirri.pl\/index.php?rest_route=\/wp\/v2\/pages\/11","targetHints":{"allow":["GET"]}}],"collection":[{"href":"https:\/\/tangovirri.pl\/index.php?rest_route=\/wp\/v2\/pages"}],"about":[{"href":"https:\/\/tangovirri.pl\/index.php?rest_route=\/wp\/v2\/types\/page"}],"author":[{"embeddable":true,"href":"https:\/\/tangovirri.pl\/index.php?rest_route=\/wp\/v2\/users\/1"}],"replies":[{"embeddable":true,"href":"https:\/\/tangovirri.pl\/index.php?rest_route=%2Fwp%2Fv2%2Fcomments&post=11"}],"version-history":[{"count":9,"href":"https:\/\/tangovirri.pl\/index.php?rest_route=\/wp\/v2\/pages\/11\/revisions"}],"predecessor-version":[{"id":443,"href":"https:\/\/tangovirri.pl\/index.php?rest_route=\/wp\/v2\/pages\/11\/revisions\/443"}],"wp:attachment":[{"href":"https:\/\/tangovirri.pl\/index.php?rest_route=%2Fwp%2Fv2%2Fmedia&parent=11"}],"curies":[{"name":"wp","href":"https:\/\/api.w.org\/{rel}","templated":true}]}}